{"id":15,"date":"2017-05-13T19:50:46","date_gmt":"2017-05-13T19:50:46","guid":{"rendered":"http:\/\/wp12825761.server-he.de\/sattlerei-michels.de\/?page_id=15"},"modified":"2017-05-13T20:11:28","modified_gmt":"2017-05-13T20:11:28","slug":"ueber-mich","status":"publish","type":"page","link":"https:\/\/www.sattlerei-michels.de\/?page_id=15","title":{"rendered":"\u00dcber mich"},"content":{"rendered":"<p><img decoding=\"async\" loading=\"lazy\" class=\"alignnone size-medium wp-image-39\" src=\"http:\/\/wp12825761.server-he.de\/sattlerei-michels.de\/wp-content\/uploads\/2017\/05\/Christiane3-204x300.jpg\" alt=\"\" width=\"204\" height=\"300\" srcset=\"https:\/\/www.sattlerei-michels.de\/wp-content\/uploads\/2017\/05\/Christiane3-204x300.jpg 204w, https:\/\/www.sattlerei-michels.de\/wp-content\/uploads\/2017\/05\/Christiane3.jpg 400w\" sizes=\"(max-width: 204px) 100vw, 204px\" \/><\/p>\n<h4><em><span style=\"color: #000000;\">Ich bin gelernte Sattlerin im Fachbereich Reitsport und habe in einer international bekannten Sattlerei f\u00fcr Ma\u00dfanfertigung mit Schwerpunkt Western, meine Ausbildung sehr erfolgreich abgeschlossen. Die Gesellenpr\u00fcfung habe ich als Kammer- und Landessiegerin abgeschlossen, auf Bundesebene erreichte ich den zweiten Platz.<\/span><\/em><\/h4>\n<h4><em><span style=\"color: #000000;\">Im Anschlu\u00df arbeitete ich als Gesellin in einer klassischen Reitsportsattlerei, in der ich auch Fahrgeschirre ge\u00e4ndert und repariert habe.<\/span><\/em><\/h4>\n<h4><em><span style=\"color: #000000;\">Mein Spezialgebiet sind Handn\u00e4hte. Mir macht es besonders gro\u00dfe Freude, sowohl f\u00fcr Mensch und Pferd, als auch f\u00fcr Hund- und Motorradbegeisterte, funktionelles Zubeh\u00f6r herzustellen, zu reparieren oder \u00c4nderungen vorzunehmen.<\/span><\/em><\/h4>\n<h4><em><span style=\"color: #000000;\">Da h\u00e4ufig die Pflege des Leders vernachl\u00e4ssigt wird, biete ich meinen Kunden zus\u00e4tzlich entweder fachm\u00e4nnische Anleitung oder Reinigung und Pflege von s\u00e4mtlichen Lederwaren an.<\/span><\/em><\/h4>\n","protected":false},"excerpt":{"rendered":"<p>Ich bin gelernte Sattlerin im Fachbereich Reitsport und habe in einer international bekannten Sattlerei f\u00fcr Ma\u00dfanfertigung mit Schwerpunkt Western, meine Ausbildung sehr erfolgreich abgeschlossen. Die Gesellenpr\u00fcfung habe ich als Kammer- und Landessiegerin abgeschlossen, auf Bundesebene erreichte ich den zweiten Platz. Im Anschlu\u00df arbeitete ich als Gesellin in einer klassischen Reitsportsattlerei, in der ich auch Fahrgeschirre [&hellip;]<\/p>\n","protected":false},"author":1,"featured_media":0,"parent":0,"menu_order":0,"comment_status":"closed","ping_status":"closed","template":"","meta":[],"_links":{"self":[{"href":"https:\/\/www.sattlerei-michels.de\/index.php?rest_route=\/wp\/v2\/pages\/15"}],"collection":[{"href":"https:\/\/www.sattlerei-michels.de\/index.php?rest_route=\/wp\/v2\/pages"}],"about":[{"href":"https:\/\/www.sattlerei-michels.de\/index.php?rest_route=\/wp\/v2\/types\/page"}],"author":[{"embeddable":true,"href":"https:\/\/www.sattlerei-michels.de\/index.php?rest_route=\/wp\/v2\/users\/1"}],"replies":[{"embeddable":true,"href":"https:\/\/www.sattlerei-michels.de\/index.php?rest_route=%2Fwp%2Fv2%2Fcomments&post=15"}],"version-history":[{"count":3,"href":"https:\/\/www.sattlerei-michels.de\/index.php?rest_route=\/wp\/v2\/pages\/15\/revisions"}],"predecessor-version":[{"id":41,"href":"https:\/\/www.sattlerei-michels.de\/index.php?rest_route=\/wp\/v2\/pages\/15\/revisions\/41"}],"wp:attachment":[{"href":"https:\/\/www.sattlerei-michels.de\/index.php?rest_route=%2Fwp%2Fv2%2Fmedia&parent=15"}],"curies":[{"name":"wp","href":"https:\/\/api.w.org\/{rel}","templated":true}]}}